{"id":142,"date":"2020-08-06T00:57:52","date_gmt":"2020-08-05T22:57:52","guid":{"rendered":"http:\/\/mpk2020.pzszach.pl\/?page_id=142"},"modified":"2020-08-07T16:48:40","modified_gmt":"2020-08-07T14:48:40","slug":"patrycja-waszczuk","status":"publish","type":"page","link":"http:\/\/mpk2020.pzszach.pl\/?page_id=142","title":{"rendered":"Patrycja Waszczuk"},"content":{"rendered":"<p><img loading=\"lazy\" decoding=\"async\" class=\"aligncenter wp-image-183 size-full\" src=\"http:\/\/mpk2020.pzszach.pl\/wp-content\/uploads\/2020\/08\/zawdoniczka_waszczuk.png\" alt=\"\" width=\"476\" height=\"714\" srcset=\"http:\/\/mpk2020.pzszach.pl\/wp-content\/uploads\/2020\/08\/zawdoniczka_waszczuk.png 476w, http:\/\/mpk2020.pzszach.pl\/wp-content\/uploads\/2020\/08\/zawdoniczka_waszczuk-200x300.png 200w\" sizes=\"(max-width: 476px) 100vw, 476px\" \/><\/p>\n<p>Jest najm\u0142odsz\u0105 zawodniczk\u0105 w tegorocznej stawce.<br \/>\nTo bardzo zdolna m\u0142oda zawodniczka, o kt\u00f3rej talencie \u015bwiadcz\u0105 zyski rankingowe oraz zdobywane tytu\u0142y na arenie krajowej i mi\u0119dzynarodowej.<br \/>\nAktualnie posiada 8 ranking w kraju oraz 22 na \u015bwiecie w\u015br\u00f3d Juniorek do lat 20.<br \/>\nUdzia\u0142 w tegorocznych Mistrzostwach Polski b\u0119dzie jej debiutem w tych presti\u017cowych zawodach.<br \/>\nJest multimedalistk\u0105 Mistrzostw Polski Juniorek w szachach klasycznych, szybkich i b\u0142yskawicznych. To aktualna Mistrzyni Polski do lat 18. W marcu tego roku obroni\u0142a mistrzowski tytu\u0142 zdobyty w roku 2019.<br \/>\nW 2019 roku zdoby\u0142a z\u0142oty medal na Indywidualnych Mistrzostwach Europy Juniorek do lat 16 rozgrywanych w Bratys\u0142awie.<br \/>\nW styczniu tego roku wygra\u0142a silnie obsadzony VIII Mi\u0119dzynarodowy Festiwal Szachowy \u201eGwiazda P\u00f3\u0142nocy\u201d w Jastrz\u0119biej G\u00f3rze.<\/p>\n","protected":false},"excerpt":{"rendered":"<p>Jest najm\u0142odsz\u0105 zawodniczk\u0105 w tegorocznej stawce. To bardzo zdolna m\u0142oda zawodniczka, o kt\u00f3rej talencie \u015bwiadcz\u0105 zyski rankingowe oraz zdobywane tytu\u0142y na arenie krajowej i mi\u0119dzynarodowej. Aktualnie posiada 8 ranking w kraju oraz 22 na \u015bwiecie w\u015br\u00f3d Juniorek do lat 20. Udzia\u0142 w tegorocznych Mistrzostwach Polski b\u0119dzie jej debiutem w tych presti\u017cowych zawodach. Jest multimedalistk\u0105 Mistrzostw [&hellip;]<\/p>\n","protected":false},"author":2,"featured_media":0,"parent":0,"menu_order":0,"comment_status":"closed","ping_status":"closed","template":"","meta":{"footnotes":""},"class_list":["post-142","page","type-page","status-publish","hentry"],"_links":{"self":[{"href":"http:\/\/mpk2020.pzszach.pl\/index.php?rest_route=\/wp\/v2\/pages\/142"}],"collection":[{"href":"http:\/\/mpk2020.pzszach.pl\/index.php?rest_route=\/wp\/v2\/pages"}],"about":[{"href":"http:\/\/mpk2020.pzszach.pl\/index.php?rest_route=\/wp\/v2\/types\/page"}],"author":[{"embeddable":true,"href":"http:\/\/mpk2020.pzszach.pl\/index.php?rest_route=\/wp\/v2\/users\/2"}],"replies":[{"embeddable":true,"href":"http:\/\/mpk2020.pzszach.pl\/index.php?rest_route=%2Fwp%2Fv2%2Fcomments&post=142"}],"version-history":[{"count":4,"href":"http:\/\/mpk2020.pzszach.pl\/index.php?rest_route=\/wp\/v2\/pages\/142\/revisions"}],"predecessor-version":[{"id":228,"href":"http:\/\/mpk2020.pzszach.pl\/index.php?rest_route=\/wp\/v2\/pages\/142\/revisions\/228"}],"wp:attachment":[{"href":"http:\/\/mpk2020.pzszach.pl\/index.php?rest_route=%2Fwp%2Fv2%2Fmedia&parent=142"}],"curies":[{"name":"wp","href":"https:\/\/api.w.org\/{rel}","templated":true}]}}