{"id":134,"date":"2020-08-06T00:55:51","date_gmt":"2020-08-05T22:55:51","guid":{"rendered":"http:\/\/mpk2020.pzszach.pl\/?page_id=134"},"modified":"2020-08-07T16:47:34","modified_gmt":"2020-08-07T14:47:34","slug":"karina-cyfka","status":"publish","type":"page","link":"http:\/\/mpk2020.pzszach.pl\/?page_id=134","title":{"rendered":"Karina Cyfka"},"content":{"rendered":"<p><img loading=\"lazy\" decoding=\"async\" class=\"aligncenter wp-image-174 size-full\" src=\"http:\/\/mpk2020.pzszach.pl\/wp-content\/uploads\/2020\/08\/zawdoniczka_cyfka.png\" alt=\"\" width=\"476\" height=\"714\" srcset=\"http:\/\/mpk2020.pzszach.pl\/wp-content\/uploads\/2020\/08\/zawdoniczka_cyfka.png 476w, http:\/\/mpk2020.pzszach.pl\/wp-content\/uploads\/2020\/08\/zawdoniczka_cyfka-200x300.png 200w\" sizes=\"(max-width: 476px) 100vw, 476px\" \/><\/p>\n<p>Jest jedn\u0105 z trzech zawodniczek w kraju, kt\u00f3ra legitymuje si\u0119 rankingiem powy\u017cej 2400. Aktualnie zajmuje 3 miejsce na polskiej li\u015bcie rankingowej Pa\u0144. Karina od lat jest zawodniczk\u0105 Kadry Narodowej Kobiet i ma pewne miejsce w sk\u0142adzie reprezentacji Polski na najwa\u017cniejszych imprezach dru\u017cynowych.<br \/>\nJej najwi\u0119kszym sukcesem by\u0142o zdobycie dw\u00f3ch srebrnych medali na Olimpiadzie Szachowej w Baku w 2016: w klasyfikacji dru\u017cynowej oraz za wynik indywidualny na III szachownicy. Dobry wynik uzyska\u0142a r\u00f3wnie\u017c na Olimpiadzie w Batumi, gdzie na III szachownicy zdoby\u0142a 8,5\/10 pkt.<br \/>\nW kwietniu 2018 roku na Indywidualnych Mistrzostwach Europy w Wysokich Tatrach zaj\u0119\u0142a 13 miejsce i pierwszy raz w swojej karierze awansowa\u0142a do Mistrzostw \u015awiata Kobiet.<br \/>\nW grudniu 2018 roku najpierw by\u0142a najlepsz\u0105 zawodniczk\u0105 w Meczu Szachowym Kobiet Polska \u2013 Reszta \u015awiata w ramach Festiwalu Szach\u00f3w Kobiecych im. Krystyny Ho\u0142uj-Radzikowskiej a p\u00f3\u017aniej podzieli\u0142a II miejsce w mi\u0119dzynarodowym turnieju Sharjah International Chess Championship Cup for Women w Zjednoczonych Emiratach Arabskich. W tym roku, w fenomenalnym stylu wygra\u0142a w pierwszym turnieju Internetowego Pucharu Polski, pozostawiaj\u0105c w pokonanym polu czo\u0142owych zawodnik\u00f3w kraju.<br \/>\nW Indywidualnych Mistrzostwach Polski wyst\u0105pi\u0142a 15 razy, zdobywaj\u0105c 4 medale (jeden srebrny i 3 br\u0105zowe). W ubieg\u0142ym roku zaj\u0119\u0142a 5 miejsce. W tym roku jest jedn\u0105 z kandydatek do z\u0142otego medalu w najbardziej presti\u017cowych rozgrywkach w kraju.<\/p>\n","protected":false},"excerpt":{"rendered":"<p>Jest jedn\u0105 z trzech zawodniczek w kraju, kt\u00f3ra legitymuje si\u0119 rankingiem powy\u017cej 2400. Aktualnie zajmuje 3 miejsce na polskiej li\u015bcie rankingowej Pa\u0144. Karina od lat jest zawodniczk\u0105 Kadry Narodowej Kobiet i ma pewne miejsce w sk\u0142adzie reprezentacji Polski na najwa\u017cniejszych imprezach dru\u017cynowych. Jej najwi\u0119kszym sukcesem by\u0142o zdobycie dw\u00f3ch srebrnych medali na Olimpiadzie Szachowej w Baku [&hellip;]<\/p>\n","protected":false},"author":2,"featured_media":0,"parent":0,"menu_order":0,"comment_status":"closed","ping_status":"closed","template":"","meta":{"footnotes":""},"class_list":["post-134","page","type-page","status-publish","hentry"],"_links":{"self":[{"href":"http:\/\/mpk2020.pzszach.pl\/index.php?rest_route=\/wp\/v2\/pages\/134"}],"collection":[{"href":"http:\/\/mpk2020.pzszach.pl\/index.php?rest_route=\/wp\/v2\/pages"}],"about":[{"href":"http:\/\/mpk2020.pzszach.pl\/index.php?rest_route=\/wp\/v2\/types\/page"}],"author":[{"embeddable":true,"href":"http:\/\/mpk2020.pzszach.pl\/index.php?rest_route=\/wp\/v2\/users\/2"}],"replies":[{"embeddable":true,"href":"http:\/\/mpk2020.pzszach.pl\/index.php?rest_route=%2Fwp%2Fv2%2Fcomments&post=134"}],"version-history":[{"count":4,"href":"http:\/\/mpk2020.pzszach.pl\/index.php?rest_route=\/wp\/v2\/pages\/134\/revisions"}],"predecessor-version":[{"id":224,"href":"http:\/\/mpk2020.pzszach.pl\/index.php?rest_route=\/wp\/v2\/pages\/134\/revisions\/224"}],"wp:attachment":[{"href":"http:\/\/mpk2020.pzszach.pl\/index.php?rest_route=%2Fwp%2Fv2%2Fmedia&parent=134"}],"curies":[{"name":"wp","href":"https:\/\/api.w.org\/{rel}","templated":true}]}}