{"id":132,"date":"2020-08-06T00:55:27","date_gmt":"2020-08-05T22:55:27","guid":{"rendered":"http:\/\/mpk2020.pzszach.pl\/?page_id=132"},"modified":"2020-08-07T16:47:17","modified_gmt":"2020-08-07T14:47:17","slug":"jolanta-zawadzka","status":"publish","type":"page","link":"http:\/\/mpk2020.pzszach.pl\/?page_id=132","title":{"rendered":"Jolanta Zawadzka"},"content":{"rendered":"<p><img loading=\"lazy\" decoding=\"async\" class=\"wp-image-170 size-full aligncenter\" src=\"http:\/\/mpk2020.pzszach.pl\/wp-content\/uploads\/2020\/08\/zawdoniczka_zawadzka.png\" alt=\"\" width=\"476\" height=\"714\" srcset=\"http:\/\/mpk2020.pzszach.pl\/wp-content\/uploads\/2020\/08\/zawdoniczka_zawadzka.png 476w, http:\/\/mpk2020.pzszach.pl\/wp-content\/uploads\/2020\/08\/zawdoniczka_zawadzka-200x300.png 200w\" sizes=\"(max-width: 476px) 100vw, 476px\" \/><\/p>\n<p>Aktualna wiceliderka polskiej listy rankingowej kobiet. Zawodniczka Kadry Narodowej, bez kt\u00f3rej ci\u0119\u017cko wyobrazi\u0107 sobie polsk\u0105 dru\u017cyn\u0119. W fina\u0142ach mistrzostw Polski startowa\u0142a 18 razy, z czego 13 zako\u0144czy\u0142a staj\u0105c na podium (w tym cztery razy na najwy\u017cszym stopniu). W ubieg\u0142ym roku zdoby\u0142a br\u0105zowy medal. Jest jedn\u0105 z pretendentek do walki o tytu\u0142 Mistrzyni Polski.<br \/>\nSiedem razy reprezentowa\u0142a Polsk\u0119 na olimpiadach szachowych, z kt\u00f3rych przywioz\u0142a dwa srebrne medale: za wynik indywidualny na III szachownicy ze Stambu\u0142u w 2012 roku oraz za drugie miejsce dru\u017cynowo na Olimpiadzie w Baku w 2016. Za ten ostatni zosta\u0142a uhonorowana Z\u0142otym Krzy\u017cem Zas\u0142ugi nadanym przez Prezydenta Rzeczpospolitej Polskiej. 8-krotnie wyst\u0119powa\u0142a na Dru\u017cynowych Mistrzostwach Europy, z kt\u00f3rych przywioz\u0142a a\u017c 5 medali.<br \/>\nW 2018 roku dosz\u0142a do III rundy w Mistrzostwach \u015awiata kobiet rozgrywanych systemem pucharowym.<br \/>\nJola jest organizatorem i dyrektorem jednego z najsilniej obsadzonych turniej\u00f3w ko\u0142owych kobiet rozgrywanych w Europie \u2013 Arcymistrzowskiego Turnieju Kobiet im. Krystyny Ho\u0142uj \u2013 Radzikowskiej, w kt\u00f3rych sama uczestniczy.<\/p>\n","protected":false},"excerpt":{"rendered":"<p>Aktualna wiceliderka polskiej listy rankingowej kobiet. Zawodniczka Kadry Narodowej, bez kt\u00f3rej ci\u0119\u017cko wyobrazi\u0107 sobie polsk\u0105 dru\u017cyn\u0119. W fina\u0142ach mistrzostw Polski startowa\u0142a 18 razy, z czego 13 zako\u0144czy\u0142a staj\u0105c na podium (w tym cztery razy na najwy\u017cszym stopniu). W ubieg\u0142ym roku zdoby\u0142a br\u0105zowy medal. Jest jedn\u0105 z pretendentek do walki o tytu\u0142 Mistrzyni Polski. Siedem razy [&hellip;]<\/p>\n","protected":false},"author":2,"featured_media":0,"parent":0,"menu_order":0,"comment_status":"closed","ping_status":"closed","template":"","meta":{"footnotes":""},"class_list":["post-132","page","type-page","status-publish","hentry"],"_links":{"self":[{"href":"http:\/\/mpk2020.pzszach.pl\/index.php?rest_route=\/wp\/v2\/pages\/132"}],"collection":[{"href":"http:\/\/mpk2020.pzszach.pl\/index.php?rest_route=\/wp\/v2\/pages"}],"about":[{"href":"http:\/\/mpk2020.pzszach.pl\/index.php?rest_route=\/wp\/v2\/types\/page"}],"author":[{"embeddable":true,"href":"http:\/\/mpk2020.pzszach.pl\/index.php?rest_route=\/wp\/v2\/users\/2"}],"replies":[{"embeddable":true,"href":"http:\/\/mpk2020.pzszach.pl\/index.php?rest_route=%2Fwp%2Fv2%2Fcomments&post=132"}],"version-history":[{"count":6,"href":"http:\/\/mpk2020.pzszach.pl\/index.php?rest_route=\/wp\/v2\/pages\/132\/revisions"}],"predecessor-version":[{"id":223,"href":"http:\/\/mpk2020.pzszach.pl\/index.php?rest_route=\/wp\/v2\/pages\/132\/revisions\/223"}],"wp:attachment":[{"href":"http:\/\/mpk2020.pzszach.pl\/index.php?rest_route=%2Fwp%2Fv2%2Fmedia&parent=132"}],"curies":[{"name":"wp","href":"https:\/\/api.w.org\/{rel}","templated":true}]}}